{"id":22376,"date":"2022-12-12T14:21:04","date_gmt":"2022-12-12T11:21:04","guid":{"rendered":"https:\/\/www.aspkapi.com\/?page_id=22376"},"modified":"2022-12-12T14:35:36","modified_gmt":"2022-12-12T11:35:36","slug":"fire-resistant","status":"publish","type":"page","link":"https:\/\/www.aspkapi.com\/en\/fire-resistant\/","title":{"rendered":"Fire Resistant"},"content":{"rendered":"\t\t<div data-elementor-type=\"wp-page\" data-elementor-id=\"22376\" class=\"elementor elementor-22376 elementor-22375\">\n\t\t\t\t\t\t<div class=\"elementor-inner\">\n\t\t\t\t<div class=\"elementor-section-wrap\">\n\t\t\t\t\t\t\t\t\t<section class=\"elementor-section elementor-top-section elementor-element elementor-element-86a2a1c elementor-section-boxed elementor-section-height-default elementor-section-height-default sc_fly_static\" data-id=\"86a2a1c\" data-element_type=\"section\">\n\t\t\t\t\t\t<div class=\"elementor-container elementor-column-gap-extended\">\n\t\t\t\t\t\t\t<div class=\"elementor-row\">\n\t\t\t\t\t<div class=\"elementor-column elementor-col-100 elementor-top-column elementor-element elementor-element-b604955 sc_inner_width_none sc_content_align_inherit sc_layouts_column_icons_position_left sc_fly_static\" data-id=\"b604955\" data-element_type=\"column\">\n\t\t\t<div class=\"elementor-column-wrap elementor-element-populated\">\n\t\t\t\t\t\t\t<div class=\"elementor-widget-wrap\">\n\t\t\t\t\t\t<div class=\"elementor-element elementor-element-2901015 sc_height_huge sc_fly_static elementor-widget elementor-widget-spacer\" data-id=\"2901015\" data-element_type=\"widget\" data-widget_type=\"spacer.default\">\n\t\t\t\t<div class=\"elementor-widget-container\">\n\t\t\t\t\t<div class=\"elementor-spacer\">\n\t\t\t<div class=\"elementor-spacer-inner\"><\/div>\n\t\t<\/div>\n\t\t\t\t<\/div>\n\t\t\t\t<\/div>\n\t\t\t\t\t\t<\/div>\n\t\t\t\t\t<\/div>\n\t\t<\/div>\n\t\t\t\t\t\t\t\t<\/div>\n\t\t\t\t\t<\/div>\n\t\t<\/section>\n\t\t\t\t<section class=\"elementor-section elementor-top-section elementor-element elementor-element-a925c8e elementor-section-boxed elementor-section-height-default elementor-section-height-default sc_fly_static\" data-id=\"a925c8e\" data-element_type=\"section\">\n\t\t\t\t\t\t<div class=\"elementor-container elementor-column-gap-extended\">\n\t\t\t\t\t\t\t<div class=\"elementor-row\">\n\t\t\t\t\t<div class=\"elementor-column elementor-col-100 elementor-top-column elementor-element elementor-element-ed1a1c4 sc_inner_width_none sc_content_align_inherit sc_layouts_column_icons_position_left sc_fly_static\" data-id=\"ed1a1c4\" data-element_type=\"column\">\n\t\t\t<div class=\"elementor-column-wrap elementor-element-populated\">\n\t\t\t\t\t\t\t<div class=\"elementor-widget-wrap\">\n\t\t\t\t\t\t<div class=\"elementor-element elementor-element-26978d2 sc_fly_static elementor-widget elementor-widget-trx_sc_services\" data-id=\"26978d2\" data-element_type=\"widget\" data-widget_type=\"trx_sc_services.default\">\n\t\t\t\t<div class=\"elementor-widget-container\">\n\t\t\t<div class=\"sc_services sc_services_default sc_services_featured_top\"><div class=\"sc_services_columns_wrap sc_item_columns sc_item_posts_container sc_item_columns_3 trx_addons_columns_wrap columns_padding_bottom\"><div class=\"trx_addons_column-1_3\"><div data-post-id=\"22315\" class=\"sc_services_item sc_item_container post_container with_content with_image sc_services_item_featured_top post-22315 cpt_services type-cpt_services status-publish has-post-thumbnail hentry cpt_services_group-yangin-dayanimli\" data-item-number=\"1\"\n>\n\t<div class=\"post_featured with_thumb hover_link sc_services_item_thumb\"><img loading=\"lazy\" decoding=\"async\" width=\"890\" height=\"664\" src=\"https:\/\/www.aspkapi.com\/wp-content\/uploads\/2022\/11\/Metal-Kapilar-4-890x664.jpg\" class=\"attachment-corbesier-thumb-square size-corbesier-thumb-square wp-post-image\" alt=\"\" \/>\t\t\t\t\t\t<div class=\"mask\"><\/div>\n\t\t\t\t\t\t<a class=\"post_link sc_services_item_link\" href=\"https:\/\/www.aspkapi.com\/en\/services\/fire-resistant-metal-doors-ei-60-90-120\/\"><\/a>\t\t\t<a href=\"https:\/\/www.aspkapi.com\/en\/services\/fire-resistant-metal-doors-ei-60-90-120\/\"  aria-hidden=\"true\" class=\"link\"><\/a>\n\t\t\t<\/div>\t\n\t<div class=\"sc_services_item_info\">\n\t\t\t\t<div class=\"sc_services_item_header\">\n\t\t\t\t\t\t<h4 class=\"sc_services_item_title entry-title\"><a href=\"https:\/\/www.aspkapi.com\/en\/services\/fire-resistant-metal-doors-ei-60-90-120\/\">Fire Resistant Metal Doors ( EI 60, 90, 120)<\/a><\/h4>\n            <div class=\"sc_services_item_subtitle\"><a href=\"https:\/\/www.aspkapi.com\/en\/services_group\/yangin-dayanimli\/\" title=\"View all posts in Yang\u0131n Dayan\u0131ml\u0131\">Yang\u0131n Dayan\u0131ml\u0131<\/a><\/div>\t\t<\/div>\n\t\t                    <div class=\"sc_services_item_content\"><p>Fire doors have a very important place in today&#8217;s vertical architecture. As the architecture increased and became more complex, it became very important to protect the occupants in the event&hellip;<\/p>\n<\/div><div class=\"sc_services_item_button sc_item_button\">\n            <a href=\"https:\/\/www.aspkapi.com\/en\/services\/fire-resistant-metal-doors-ei-60-90-120\/\" class=\"sc_services_item_more_link\">\n                <span class=\"link_text\">\u0130ncele<\/span><span class=\"link_icon\"><\/span>\n            <\/a>\n            <\/div><\/div>\n<\/div>\n<\/div><div class=\"trx_addons_column-1_3\"><div data-post-id=\"22316\" class=\"sc_services_item sc_item_container post_container with_content with_image sc_services_item_featured_top post-22316 cpt_services type-cpt_services status-publish has-post-thumbnail hentry cpt_services_group-yangin-dayanimli\" data-item-number=\"2\"\n>\n\t<div class=\"post_featured with_thumb hover_link sc_services_item_thumb\"><img loading=\"lazy\" decoding=\"async\" width=\"890\" height=\"664\" src=\"https:\/\/www.aspkapi.com\/wp-content\/uploads\/2022\/11\/Metal-Kapilar-5-890x664.jpg\" class=\"attachment-corbesier-thumb-square size-corbesier-thumb-square wp-post-image\" alt=\"\" \/>\t\t\t\t\t\t<div class=\"mask\"><\/div>\n\t\t\t\t\t\t<a class=\"post_link sc_services_item_link\" href=\"https:\/\/www.aspkapi.com\/en\/services\/ei-60-single-wing-and-double-wing-fire-doors-with-and-without-glass\/\"><\/a>\t\t\t<a href=\"https:\/\/www.aspkapi.com\/en\/services\/ei-60-single-wing-and-double-wing-fire-doors-with-and-without-glass\/\"  aria-hidden=\"true\" class=\"link\"><\/a>\n\t\t\t<\/div>\t\n\t<div class=\"sc_services_item_info\">\n\t\t\t\t<div class=\"sc_services_item_header\">\n\t\t\t\t\t\t<h4 class=\"sc_services_item_title entry-title\"><a href=\"https:\/\/www.aspkapi.com\/en\/services\/ei-60-single-wing-and-double-wing-fire-doors-with-and-without-glass\/\">EI 60 Single Wing and Double Wing Fire Doors With And Without Glass<\/a><\/h4>\n            <div class=\"sc_services_item_subtitle\"><a href=\"https:\/\/www.aspkapi.com\/en\/services_group\/yangin-dayanimli\/\" title=\"View all posts in Yang\u0131n Dayan\u0131ml\u0131\">Yang\u0131n Dayan\u0131ml\u0131<\/a><\/div>\t\t<\/div>\n\t\t                    <div class=\"sc_services_item_content\"><p>GLASS MEASUREMENT 300 X 400 MM, 400 X 600 MMROUND GLASS DOORS DIA 400MM<\/p>\n<\/div><div class=\"sc_services_item_button sc_item_button\">\n            <a href=\"https:\/\/www.aspkapi.com\/en\/services\/ei-60-single-wing-and-double-wing-fire-doors-with-and-without-glass\/\" class=\"sc_services_item_more_link\">\n                <span class=\"link_text\">\u0130ncele<\/span><span class=\"link_icon\"><\/span>\n            <\/a>\n            <\/div><\/div>\n<\/div>\n<\/div><div class=\"trx_addons_column-1_3\"><div data-post-id=\"22317\" class=\"sc_services_item sc_item_container post_container with_content with_image sc_services_item_featured_top post-22317 cpt_services type-cpt_services status-publish has-post-thumbnail hentry cpt_services_group-yangin-dayanimli\" data-item-number=\"3\"\n>\n\t<div class=\"post_featured with_thumb hover_link sc_services_item_thumb\"><img loading=\"lazy\" decoding=\"async\" width=\"890\" height=\"664\" src=\"https:\/\/www.aspkapi.com\/wp-content\/uploads\/2022\/11\/Metal-Kapilar-2-890x664.jpg\" class=\"attachment-corbesier-thumb-square size-corbesier-thumb-square wp-post-image\" alt=\"\" \/>\t\t\t\t\t\t<div class=\"mask\"><\/div>\n\t\t\t\t\t\t<a class=\"post_link sc_services_item_link\" href=\"https:\/\/www.aspkapi.com\/en\/services\/ei-90-single-wing-and-double-wing-fire-doors-with-and-without-glass\/\"><\/a>\t\t\t<a href=\"https:\/\/www.aspkapi.com\/en\/services\/ei-90-single-wing-and-double-wing-fire-doors-with-and-without-glass\/\"  aria-hidden=\"true\" class=\"link\"><\/a>\n\t\t\t<\/div>\t\n\t<div class=\"sc_services_item_info\">\n\t\t\t\t<div class=\"sc_services_item_header\">\n\t\t\t\t\t\t<h4 class=\"sc_services_item_title entry-title\"><a href=\"https:\/\/www.aspkapi.com\/en\/services\/ei-90-single-wing-and-double-wing-fire-doors-with-and-without-glass\/\">EI 90 Single Wing and Double Wing Fire Doors With and Without Glass<\/a><\/h4>\n            <div class=\"sc_services_item_subtitle\"><a href=\"https:\/\/www.aspkapi.com\/en\/services_group\/yangin-dayanimli\/\" title=\"View all posts in Yang\u0131n Dayan\u0131ml\u0131\">Yang\u0131n Dayan\u0131ml\u0131<\/a><\/div>\t\t<\/div>\n\t\t                    <div class=\"sc_services_item_content\"><p>GLASS MEASUREMENT 300 X 400 MM, 400 X 600 MMROUND GLASS DOORS DIA 400MM<\/p>\n<\/div><div class=\"sc_services_item_button sc_item_button\">\n            <a href=\"https:\/\/www.aspkapi.com\/en\/services\/ei-90-single-wing-and-double-wing-fire-doors-with-and-without-glass\/\" class=\"sc_services_item_more_link\">\n                <span class=\"link_text\">\u0130ncele<\/span><span class=\"link_icon\"><\/span>\n            <\/a>\n            <\/div><\/div>\n<\/div>\n<\/div><div class=\"trx_addons_column-1_3\"><div data-post-id=\"22320\" class=\"sc_services_item sc_item_container post_container with_content with_image sc_services_item_featured_top post-22320 cpt_services type-cpt_services status-publish has-post-thumbnail hentry cpt_services_group-yangin-dayanimli\" data-item-number=\"4\"\n>\n\t<div class=\"post_featured with_thumb hover_link sc_services_item_thumb\"><img loading=\"lazy\" decoding=\"async\" width=\"890\" height=\"664\" src=\"https:\/\/www.aspkapi.com\/wp-content\/uploads\/2022\/11\/Metal-Kapilar-6-890x664.jpg\" class=\"attachment-corbesier-thumb-square size-corbesier-thumb-square wp-post-image\" alt=\"\" \/>\t\t\t\t\t\t<div class=\"mask\"><\/div>\n\t\t\t\t\t\t<a class=\"post_link sc_services_item_link\" href=\"https:\/\/www.aspkapi.com\/en\/services\/ei-120-single-wing-doors-and-double-wing-cor-metal-doors\/\"><\/a>\t\t\t<a href=\"https:\/\/www.aspkapi.com\/en\/services\/ei-120-single-wing-doors-and-double-wing-cor-metal-doors\/\"  aria-hidden=\"true\" class=\"link\"><\/a>\n\t\t\t<\/div>\t\n\t<div class=\"sc_services_item_info\">\n\t\t\t\t<div class=\"sc_services_item_header\">\n\t\t\t\t\t\t<h4 class=\"sc_services_item_title entry-title\"><a href=\"https:\/\/www.aspkapi.com\/en\/services\/ei-120-single-wing-doors-and-double-wing-cor-metal-doors\/\">EI 120 Single Wing Doors and Double Wing Cor Metal Doors<\/a><\/h4>\n            <div class=\"sc_services_item_subtitle\"><a href=\"https:\/\/www.aspkapi.com\/en\/services_group\/yangin-dayanimli\/\" title=\"View all posts in Yang\u0131n Dayan\u0131ml\u0131\">Yang\u0131n Dayan\u0131ml\u0131<\/a><\/div>\t\t<\/div>\n\t\t                    <div class=\"sc_services_item_content\"><p>GLASS MEASUREMENT 300 X 400 MM, 400 X 600 MMROUND GLASS DOORS DIA 400MM<\/p>\n<\/div><div class=\"sc_services_item_button sc_item_button\">\n            <a href=\"https:\/\/www.aspkapi.com\/en\/services\/ei-120-single-wing-doors-and-double-wing-cor-metal-doors\/\" class=\"sc_services_item_more_link\">\n                <span class=\"link_text\">\u0130ncele<\/span><span class=\"link_icon\"><\/span>\n            <\/a>\n            <\/div><\/div>\n<\/div>\n<\/div><div class=\"trx_addons_column-1_3\"><div data-post-id=\"22993\" class=\"sc_services_item sc_item_container post_container with_content with_image sc_services_item_featured_top post-22993 cpt_services type-cpt_services status-publish has-post-thumbnail hentry cpt_services_group-tum-urunler cpt_services_group-yangin-dayanimli\" data-item-number=\"5\"\n>\n\t<div class=\"post_featured with_thumb hover_link sc_services_item_thumb\"><img loading=\"lazy\" decoding=\"async\" width=\"602\" height=\"392\" src=\"https:\/\/www.aspkapi.com\/wp-content\/uploads\/2023\/01\/Seksiyonel-1.jpg\" class=\"attachment-corbesier-thumb-square size-corbesier-thumb-square wp-post-image\" alt=\"\" srcset=\"https:\/\/www.aspkapi.com\/wp-content\/uploads\/2023\/01\/Seksiyonel-1.jpg 602w, https:\/\/www.aspkapi.com\/wp-content\/uploads\/2023\/01\/Seksiyonel-1-300x195.jpg 300w, https:\/\/www.aspkapi.com\/wp-content\/uploads\/2023\/01\/Seksiyonel-1-370x241.jpg 370w, https:\/\/www.aspkapi.com\/wp-content\/uploads\/2023\/01\/Seksiyonel-1-410x267.jpg 410w, https:\/\/www.aspkapi.com\/wp-content\/uploads\/2023\/01\/Seksiyonel-1-600x391.jpg 600w\" sizes=\"auto, (max-width: 602px) 100vw, 602px\" \/>\t\t\t\t\t\t<div class=\"mask\"><\/div>\n\t\t\t\t\t\t<a class=\"post_link sc_services_item_link\" href=\"https:\/\/www.aspkapi.com\/en\/services\/fire-resistant-sectional-door-flema-ps-60\/\"><\/a>\t\t\t<a href=\"https:\/\/www.aspkapi.com\/en\/services\/fire-resistant-sectional-door-flema-ps-60\/\"  aria-hidden=\"true\" class=\"link\"><\/a>\n\t\t\t<\/div>\t\n\t<div class=\"sc_services_item_info\">\n\t\t\t\t<div class=\"sc_services_item_header\">\n\t\t\t\t\t\t<h4 class=\"sc_services_item_title entry-title\"><a href=\"https:\/\/www.aspkapi.com\/en\/services\/fire-resistant-sectional-door-flema-ps-60\/\">Fire Resistant Sectional Door Flema PS 60<\/a><\/h4>\n            <div class=\"sc_services_item_subtitle\"><a href=\"https:\/\/www.aspkapi.com\/en\/services_group\/tum-urunler\/\" title=\"View all posts in T\u00fcm \u00dcr\u00fcnler\">T\u00fcm \u00dcr\u00fcnler, <\/a><a href=\"https:\/\/www.aspkapi.com\/en\/services_group\/yangin-dayanimli\/\" title=\"View all posts in Yang\u0131n Dayan\u0131ml\u0131\">Yang\u0131n Dayan\u0131ml\u0131<\/a><\/div>\t\t<\/div>\n\t\t                    <div class=\"sc_services_item_content\"><p>Technical details The fireproof Flema sectional door was tested at the Warringtonfiregent laboratory in Gand and achieved a fire resistance of 68 minutes. The door has also been tested and&hellip;<\/p>\n<\/div><div class=\"sc_services_item_button sc_item_button\">\n            <a href=\"https:\/\/www.aspkapi.com\/en\/services\/fire-resistant-sectional-door-flema-ps-60\/\" class=\"sc_services_item_more_link\">\n                <span class=\"link_text\">\u0130ncele<\/span><span class=\"link_icon\"><\/span>\n            <\/a>\n            <\/div><\/div>\n<\/div>\n<\/div><\/div><\/div>\t\t<\/div>\n\t\t\t\t<\/div>\n\t\t\t\t\t\t<\/div>\n\t\t\t\t\t<\/div>\n\t\t<\/div>\n\t\t\t\t\t\t\t\t<\/div>\n\t\t\t\t\t<\/div>\n\t\t<\/section>\n\t\t\t\t\t\t\t\t\t<\/div>\n\t\t\t<\/div>\n\t\t\t\t\t<\/div>\n\t\t","protected":false},"excerpt":{"rendered":"<p>Fire Resistant Metal Doors ( EI 60, 90, 120) Yang\u0131n Dayan\u0131ml\u0131 Fire doors have a very important place in today&#8217;s vertical architecture. As the architecture increased and became more complex,&hellip;<\/p>\n","protected":false},"author":1,"featured_media":0,"parent":0,"menu_order":0,"comment_status":"closed","ping_status":"closed","template":"","meta":{"footnotes":""},"class_list":["post-22376","page","type-page","status-publish","hentry"],"_links":{"self":[{"href":"https:\/\/www.aspkapi.com\/en\/wp-json\/wp\/v2\/pages\/22376","targetHints":{"allow":["GET"]}}],"collection":[{"href":"https:\/\/www.aspkapi.com\/en\/wp-json\/wp\/v2\/pages"}],"about":[{"href":"https:\/\/www.aspkapi.com\/en\/wp-json\/wp\/v2\/types\/page"}],"author":[{"embeddable":true,"href":"https:\/\/www.aspkapi.com\/en\/wp-json\/wp\/v2\/users\/1"}],"replies":[{"embeddable":true,"href":"https:\/\/www.aspkapi.com\/en\/wp-json\/wp\/v2\/comments?post=22376"}],"version-history":[{"count":3,"href":"https:\/\/www.aspkapi.com\/en\/wp-json\/wp\/v2\/pages\/22376\/revisions"}],"predecessor-version":[{"id":22384,"href":"https:\/\/www.aspkapi.com\/en\/wp-json\/wp\/v2\/pages\/22376\/revisions\/22384"}],"wp:attachment":[{"href":"https:\/\/www.aspkapi.com\/en\/wp-json\/wp\/v2\/media?parent=22376"}],"curies":[{"name":"wp","href":"https:\/\/api.w.org\/{rel}","templated":true}]}}